{"id":722,"date":"2024-02-23T16:38:38","date_gmt":"2024-02-23T16:38:38","guid":{"rendered":"https:\/\/gamma.hr\/notre-equipe\/"},"modified":"2024-02-23T17:51:27","modified_gmt":"2024-02-23T17:51:27","slug":"our-team","status":"publish","type":"page","link":"https:\/\/gamma.hr\/en\/our-team\/","title":{"rendered":"Our Team"},"content":{"rendered":"<div class=\"wpb-content-wrapper\"><p>[vc_row full_width=&#8221;stretch_row_content&#8221; equal_height=&#8221;yes&#8221; content_placement=&#8221;middle&#8221; el_id=&#8221;about&#8221;][vc_column css=&#8221;.vc_custom_1475665308702{background-color: #41ddcc !important;background-position: center !important;background-repeat: no-repeat !important;background-size: cover !important;}&#8221;][vc_column_text css_animation=&#8221;left-to-right&#8221; css=&#8221;.vc_custom_1708710675548{margin-top: 100px !important;margin-right: 50px !important;margin-left: 50px !important;}&#8221;]<\/p>\n<h1 style=\"text-align: center;\"><span style=\"color: #ffffff;\">Our Team<\/span><\/h1>\n<p>[\/vc_column_text][\/vc_column][\/vc_row][vc_row full_width=&#8221;stretch_row_content&#8221; equal_height=&#8221;yes&#8221; content_placement=&#8221;middle&#8221; css=&#8221;.vc_custom_1708710445175{padding-top: 80px !important;padding-bottom: 100px !important;}&#8221;][vc_column width=&#8221;1\/3&#8243; css=&#8221;.vc_custom_1708710238451{padding-right: 30px !important;padding-left: 30px !important;background-position: center !important;background-repeat: no-repeat !important;background-size: cover !important;}&#8221;][vc_single_image image=&#8221;717&#8243; img_size=&#8221;250&#215;301&#8243; alignment=&#8221;center&#8221; style=&#8221;vc_box_border_circle_2&#8243; border_color=&#8221;turquoise&#8221; css_animation=&#8221;slideInUp&#8221;][vc_column_text css_animation=&#8221;right-to-left&#8221; css=&#8221;.vc_custom_1708709894614{margin-top: -10px !important;margin-bottom: 0px !important;}&#8221;]<\/p>\n<h4 style=\"text-align: center; color: #000;\">CONTACT<\/h4>\n<p style=\"text-align: center; margin-bottom: 0px; color: #000;\"><strong>Pierre-Yves LEGAULT<\/strong><\/p>\n<p style=\"text-align: center; margin-bottom: 0px;\"><a href=\"tel:+15147751140\">(514) 775-1140<\/a><\/p>\n<p style=\"text-align: center; margin-bottom: 0px;\"><a href=\"mailto:pylegault@gamma.hr\">pylegault@gamma.hr<\/a><\/p>\n<p>[\/vc_column_text][\/vc_column][vc_column width=&#8221;2\/3&#8243; css=&#8221;.vc_custom_1708708229582{background-position: center !important;background-repeat: no-repeat !important;background-size: cover !important;}&#8221;][vc_row_inner equal_height=&#8221;yes&#8221; content_placement=&#8221;middle&#8221; css=&#8221;.vc_custom_1708710064621{border-top-width: 2px !important;border-top-color: #40ddcc !important;}&#8221;][vc_column_inner css=&#8221;.vc_custom_1708710107746{padding-right: 60px !important;padding-left: 60px !important;}&#8221;][vc_column_text css_animation=&#8221;right-to-left&#8221;]<\/p>\n<h2 style=\"text-align: left;\"><strong>Pierre-Yves LEGAULT<\/strong><\/h2>\n<h3 style=\"text-align: left; margin-top: 0px;\">Total Rewards Consultant<\/h3>\n<p>[\/vc_column_text][vc_column_text css_animation=&#8221;right-to-left&#8221; css=&#8221;.vc_custom_1708710547139{margin-top: -10px !important;margin-bottom: 0px !important;}&#8221;]Over the course of his career, the positions held by Pierre-Yves in the field of Total Rewards allowed him to act as an Advisor and then Manager within recognized companies such as Cirque du Soleil, Glaxo-SmithKline in France, Transat, Mountain Equipment Coop in Vancouver. Among other things, during his 9 years with Transat, he was able to manage all aspects of total rewards: compensation programs, salary structures, bonuses and incentive plans, pay equity exercice, benefit plans, pension plans, senior management compensation, working conditions, organizational design and HR dashboards.<\/p>\n<p>His current consulting activities focus on salary structures, job evaluation and description, pay equity, incentive compensation, working conditions and HR policy development, defined contribution pension plans, benefit programs. He aims to put in place simple and easy to manage rewards programs that are linked to the organization&#8217;s strategy.<\/p>\n<p>[\/vc_column_text][\/vc_column_inner][\/vc_row_inner][\/vc_column][\/vc_row][vc_row full_width=&#8221;stretch_row_content&#8221; equal_height=&#8221;yes&#8221; content_placement=&#8221;middle&#8221; css=&#8221;.vc_custom_1708710273685{padding-top: 100px !important;padding-bottom: 100px !important;background-color: #41ddcc !important;}&#8221;][vc_column width=&#8221;1\/3&#8243; css=&#8221;.vc_custom_1708710258661{padding-right: 30px !important;padding-left: 30px !important;background-position: center !important;background-repeat: no-repeat !important;background-size: cover !important;}&#8221;][vc_single_image image=&#8221;719&#8243; img_size=&#8221;250&#215;301&#8243; alignment=&#8221;center&#8221; style=&#8221;vc_box_border_circle_2&#8243; border_color=&#8221;white&#8221; css_animation=&#8221;slideInUp&#8221;][vc_column_text css_animation=&#8221;right-to-left&#8221; css=&#8221;.vc_custom_1708709946806{margin-top: -10px !important;margin-bottom: 0px !important;}&#8221;]<\/p>\n<h4 style=\"text-align: center;\">CONTACT<\/h4>\n<p style=\"text-align: center; margin-bottom: 0px;\"><strong style=\"color: #000;\">Marie-Andr\u00e9e (MA) Lavoie<\/strong><\/p>\n<p style=\"text-align: center; margin-bottom: 0px;\"><a style=\"color: #fff;\" href=\"mailto:ma@gamma.hr\">ma@gamma.hr<\/a><\/p>\n<p>[\/vc_column_text][\/vc_column][vc_column width=&#8221;2\/3&#8243; css=&#8221;.vc_custom_1708708229582{background-position: center !important;background-repeat: no-repeat !important;background-size: cover !important;}&#8221;][vc_row_inner equal_height=&#8221;yes&#8221; content_placement=&#8221;middle&#8221;][vc_column_inner css=&#8221;.vc_custom_1708710309448{padding-right: 60px !important;padding-left: 60px !important;}&#8221;][vc_column_text css_animation=&#8221;right-to-left&#8221;]<\/p>\n<h2 style=\"text-align: left;\"><strong>Marie-Andr\u00e9e (MA) Lavoie<\/strong><\/h2>\n<h3 style=\"text-align: left; margin-top: 0px; color: #000;\">People &amp; growth consultant<\/h3>\n<p>[\/vc_column_text][vc_column_text css_animation=&#8221;right-to-left&#8221; css=&#8221;.vc_custom_1708710640943{margin-top: -10px !important;margin-bottom: 0px !important;}&#8221;]<span style=\"color: #ffffff;\">I\u2019m a positive and results-oriented leader with 20 years of experience in talent management. I\u2019ve worked in multinational companies and startups in Canada, France and Morocco.<\/span><\/p>\n<p><span style=\"color: #ffffff;\">Since 2015, I\u2019ve been building a unique HR services company dedicated to creative industries : video games, TV and radio, cinema, advertising, arts, design, film, music, architecture, software, publishing, toys and games.<\/span><\/p>\n<p><span style=\"color: #ffffff;\">With my deep understanding of the creative management specificity and production processes, as well as my strong awareness of HR trends and innovation, I have what it takes to help companies get a competitive edge in talent acquistion and retention.<\/span><\/p>\n<p><span style=\"color: #ffffff;\">Old school HR is over. We have now reached a new era of people management. It has become a central part of the business strategy and employee culture, making engagement a top priority in organizations.<\/span>[\/vc_column_text][\/vc_column_inner][\/vc_row_inner][\/vc_column][\/vc_row][vc_row full_width=&#8221;stretch_row_content_no_spaces&#8221; equal_height=&#8221;yes&#8221; content_placement=&#8221;middle&#8221; el_id=&#8221;contactus&#8221; el_class=&#8221;btop&#8221;][vc_column width=&#8221;1\/2&#8243; css=&#8221;.vc_custom_1507176008421{background-image: url(http:\/\/gamma.hr\/wp-content\/uploads\/2017\/10\/can.jpg?id=397) !important;background-position: center !important;background-repeat: no-repeat !important;background-size: cover !important;}&#8221;][\/vc_column][vc_column width=&#8221;1\/2&#8243; css=&#8221;.vc_custom_1507175361388{padding-top: 50px !important;padding-bottom: 50px !important;}&#8221;][vc_row_inner][vc_column_inner width=&#8221;1\/6&#8243;][\/vc_column_inner][vc_column_inner width=&#8221;2\/3&#8243;][vc_column_text css_animation=&#8221;right-to-left&#8221;]<\/p>\n<h1 style=\"text-align: center;\"><span style=\"color: #333300;\"><strong>Contact<\/strong><\/span><\/h1>\n<p>[\/vc_column_text][vc_column_text css_animation=&#8221;right-to-left&#8221;]<\/p>\n<p style=\"text-align: center;\"><span style=\"color: #333300;\">Contactez-nous pour une consultation gratuite, et d\u00e9couvrez comment GAMMA peut contribuer \u00e0 d\u00e9ployer le talent dans votre organisation.<\/span><\/p>\n<p>[\/vc_column_text][vc_column_text css_animation=&#8221;right-to-left&#8221;]<\/p>\n<p style=\"text-align: center;\"><span style=\"color: #333300;\">160 St-Viateur Est, suite 500 Montr\u00e9al, Qu\u00e9bec H2T 1A8<\/span><\/p>\n<p style=\"text-align: center;\"><a href=\"tel:5143168976\"><span style=\"color: #333300;\">514-316-8976<\/span><\/a><\/p>\n<p style=\"text-align: center;\"><a href=\"mailto:info@gamma.hr\">info@gamma.hr<\/a><\/p>\n<p>[\/vc_column_text][vc_empty_space]\n<div class=\"wpcf7 no-js\" id=\"wpcf7-f6-o1\" lang=\"en-US\" dir=\"ltr\" data-wpcf7-id=\"6\">\n<div class=\"screen-reader-response\"><p role=\"status\" aria-live=\"polite\" aria-atomic=\"true\"><\/p> <ul><\/ul><\/div>\n<form action=\"\/en\/wp-json\/wp\/v2\/pages\/722#wpcf7-f6-o1\" method=\"post\" class=\"wpcf7-form init\" aria-label=\"Contact form\" novalidate=\"novalidate\" data-status=\"init\">\n<fieldset class=\"hidden-fields-container\"><input type=\"hidden\" name=\"_wpcf7\" value=\"6\" \/><input type=\"hidden\" name=\"_wpcf7_version\" value=\"6.1.5\" \/><input type=\"hidden\" name=\"_wpcf7_locale\" value=\"en_US\" \/><input type=\"hidden\" name=\"_wpcf7_unit_tag\" value=\"wpcf7-f6-o1\" \/><input type=\"hidden\" name=\"_wpcf7_container_post\" value=\"0\" \/><input type=\"hidden\" name=\"_wpcf7_posted_data_hash\" value=\"\" \/>\n<\/fieldset>\n<p><label> Nom (requis)<br \/>\n<span class=\"wpcf7-form-control-wrap\" data-name=\"your-name\"><input size=\"40\" maxlength=\"400\" class=\"wpcf7-form-control wpcf7-text wpcf7-validates-as-required\" aria-required=\"true\" aria-invalid=\"false\" value=\"\" type=\"text\" name=\"your-name\" \/><\/span> <\/label>\n<\/p>\n<p><label> Courriel (requis)<br \/>\n<span class=\"wpcf7-form-control-wrap\" data-name=\"your-email\"><input size=\"40\" maxlength=\"400\" class=\"wpcf7-form-control wpcf7-email wpcf7-validates-as-required wpcf7-text wpcf7-validates-as-email\" aria-required=\"true\" aria-invalid=\"false\" value=\"\" type=\"email\" name=\"your-email\" \/><\/span> <\/label>\n<\/p>\n<p><label> Votre message<br \/>\n<span class=\"wpcf7-form-control-wrap\" data-name=\"your-message\"><textarea cols=\"40\" rows=\"10\" maxlength=\"2000\" class=\"wpcf7-form-control wpcf7-textarea\" aria-invalid=\"false\" name=\"your-message\"><\/textarea><\/span> <\/label>\n<\/p>\n<p><input class=\"wpcf7-form-control wpcf7-submit has-spinner\" type=\"submit\" value=\"Envoyer\" \/>\n<\/p><div class=\"wpcf7-response-output\" aria-hidden=\"true\"><\/div>\n<\/form>\n<\/div>\n[\/vc_column_inner][vc_column_inner width=&#8221;1\/6&#8243;][\/vc_column_inner][\/vc_row_inner][\/vc_column][\/vc_row]<\/p>\n<\/div>","protected":false},"excerpt":{"rendered":"<p>[vc_row full_width=&#8221;stretch_row_content&#8221; equal_height=&#8221;yes&#8221; content_placement=&#8221;middle&#8221; el_id=&#8221;about&#8221;][vc_column css=&#8221;.vc_custom_1475665308702{background-color: #41ddcc !important;background-position: center !important;background-repeat: no-repeat !important;background-size: cover !important;}&#8221;][vc_column_text css_animation=&#8221;left-to-right&#8221; css=&#8221;.vc_custom_1708710675548{margin-top: 100px !important;margin-right: 50px !important;margin-left: 50px !important;}&#8221;] Our Team [\/vc_column_text][\/vc_column][\/vc_row][vc_row full_width=&#8221;stretch_row_content&#8221; equal_height=&#8221;yes&#8221; content_placement=&#8221;middle&#8221; css=&#8221;.vc_custom_1708710445175{padding-top: 80px !important;padding-bottom: 100px !important;}&#8221;][vc_column width=&#8221;1\/3&#8243; css=&#8221;.vc_custom_1708710238451{padding-right: 30px !important;padding-left: 30px !important;background-position: center !important;background-repeat: no-repeat !important;background-size: cover !important;}&#8221;][vc_single_image image=&#8221;717&#8243; img_size=&#8221;250&#215;301&#8243; alignment=&#8221;center&#8221; style=&#8221;vc_box_border_circle_2&#8243; border_color=&#8221;turquoise&#8221; css_animation=&#8221;slideInUp&#8221;][vc_column_text css_animation=&#8221;right-to-left&#8221; css=&#8221;.vc_custom_1708709894614{margin-top: -10px !important;margin-bottom: [&hellip;]<\/p>\n","protected":false},"author":1,"featured_media":0,"parent":0,"menu_order":0,"comment_status":"closed","ping_status":"closed","template":"","meta":{"footnotes":""},"class_list":["post-722","page","type-page","status-publish","hentry"],"_links":{"self":[{"href":"https:\/\/gamma.hr\/en\/wp-json\/wp\/v2\/pages\/722","targetHints":{"allow":["GET"]}}],"collection":[{"href":"https:\/\/gamma.hr\/en\/wp-json\/wp\/v2\/pages"}],"about":[{"href":"https:\/\/gamma.hr\/en\/wp-json\/wp\/v2\/types\/page"}],"author":[{"embeddable":true,"href":"https:\/\/gamma.hr\/en\/wp-json\/wp\/v2\/users\/1"}],"replies":[{"embeddable":true,"href":"https:\/\/gamma.hr\/en\/wp-json\/wp\/v2\/comments?post=722"}],"version-history":[{"count":4,"href":"https:\/\/gamma.hr\/en\/wp-json\/wp\/v2\/pages\/722\/revisions"}],"predecessor-version":[{"id":724,"href":"https:\/\/gamma.hr\/en\/wp-json\/wp\/v2\/pages\/722\/revisions\/724"}],"wp:attachment":[{"href":"https:\/\/gamma.hr\/en\/wp-json\/wp\/v2\/media?parent=722"}],"curies":[{"name":"wp","href":"https:\/\/api.w.org\/{rel}","templated":true}]}}